{"id":619,"date":"2020-11-11T17:21:20","date_gmt":"2020-11-11T16:21:20","guid":{"rendered":"http:\/\/vladimirnovak.me\/?page_id=619"},"modified":"2024-11-05T11:49:15","modified_gmt":"2024-11-05T10:49:15","slug":"policy-studies-and-media","status":"publish","type":"page","link":"https:\/\/vladimirnovak.me\/?page_id=619","title":{"rendered":"MEDIA APPEARANCES &#038; POLICY STUDIES"},"content":{"rendered":"\n<p class=\"has-medium-font-size\"><strong>MEDIA APPEARANCES<\/strong><\/p>\n\n\n\n<ol class=\"wp-block-list\">\n<li><a href=\"https:\/\/ta3.com\/relacia\/963425\/nositelia-nobelovej-ceny-hladaju-tajomstvo-prosperity-toto-je-dovod-preco-su-niektore-krajiny-bohate-a-ine-chudobne\">Interview about the Nobel Prize in Economics 2024<\/a> for TA3 television (in Slovak, October 2024)<\/li>\n\n\n\n<li><a href=\"https:\/\/podmaz.sk\/podcast\/dopodrobna\/1576528445-platova-nerovnost-na-slovensku-je-dlhodoby-problem-preco-zeny-na-materskej-zarobia-v-zahranici-viac\">Interview about the Gender pay gap in Slovakia<\/a> for Express radio podcast Dopodrobna (in Slovak, July 2024)<\/li>\n\n\n\n<li><a href=\"https:\/\/www.penize.cz\/ekonomika\/414390-az-bude-nejhur-mela-by-vlada-vyplacet-penize-bez-podminek-rika-ekonom\">Interview for Penize.cz<\/a> (in Czech, April 2020)<\/li>\n\n\n\n<li><a href=\"https:\/\/www.avcr.cz\/cs\/veda-a-vyzkum\/socialne-ekonomicke-vedy\/Opatreni-proti-covid-19-je-treba-sdelovat-jasne-a-opakovane-rika-ekonom\/\">Interview for the website of the Czech Academy of Sciences<\/a> (in Czech, April 2020)<\/li>\n\n\n\n<li><a href=\"https:\/\/blog.cerge-ei.cz\/?p=3853\">Interview for the CERGE-EI blog<\/a> (February 2021)<\/li>\n<\/ol>\n\n\n\n<p><\/p>\n\n\n\n<p><\/p>\n\n\n\n<p class=\"has-medium-font-size\"><strong>POLICY STUDIES<\/strong><\/p>\n\n\n\n<div class=\"wp-block-media-text alignwide is-stacked-on-mobile\"><figure class=\"wp-block-media-text__media\"><a href=\"https:\/\/nbs.sk\/en\/publications\/structural-challenges\/\"><img loading=\"lazy\" decoding=\"async\" width=\"721\" height=\"1024\" src=\"http:\/\/vladimirnovak.me\/wp-content\/uploads\/2024\/02\/Snimka-obrazovky-2024-02-11-o-18.57.58-721x1024.png\" alt=\"\" class=\"wp-image-741 size-full\" srcset=\"https:\/\/vladimirnovak.me\/wp-content\/uploads\/2024\/02\/Snimka-obrazovky-2024-02-11-o-18.57.58-721x1024.png 721w, https:\/\/vladimirnovak.me\/wp-content\/uploads\/2024\/02\/Snimka-obrazovky-2024-02-11-o-18.57.58-211x300.png 211w, https:\/\/vladimirnovak.me\/wp-content\/uploads\/2024\/02\/Snimka-obrazovky-2024-02-11-o-18.57.58-768x1090.png 768w, https:\/\/vladimirnovak.me\/wp-content\/uploads\/2024\/02\/Snimka-obrazovky-2024-02-11-o-18.57.58-1082x1536.png 1082w, https:\/\/vladimirnovak.me\/wp-content\/uploads\/2024\/02\/Snimka-obrazovky-2024-02-11-o-18.57.58-42x60.png 42w, https:\/\/vladimirnovak.me\/wp-content\/uploads\/2024\/02\/Snimka-obrazovky-2024-02-11-o-18.57.58.png 1085w\" sizes=\"auto, (max-width: 721px) 100vw, 721px\" \/><\/a><\/figure><div class=\"wp-block-media-text__content\">\n<p>Structural Challenges 2024 (August 2024, English and Slovak versions)<\/p>\n\n\n\n<p>Main authors: Vladim\u00edr Nov\u00e1k, Vratislav Pisca, Milan Va\u0148ko<\/p>\n<\/div><\/div>\n\n\n\n<div class=\"wp-block-media-text alignwide is-stacked-on-mobile\"><figure class=\"wp-block-media-text__media\"><a href=\"https:\/\/nbs.sk\/en\/publications\/structural-challenges\/\"><img loading=\"lazy\" decoding=\"async\" width=\"721\" height=\"1024\" src=\"http:\/\/vladimirnovak.me\/wp-content\/uploads\/2024\/02\/Snimka-obrazovky-2024-02-11-o-18.57.58-721x1024.png\" alt=\"\" class=\"wp-image-741 size-full\" srcset=\"https:\/\/vladimirnovak.me\/wp-content\/uploads\/2024\/02\/Snimka-obrazovky-2024-02-11-o-18.57.58-721x1024.png 721w, https:\/\/vladimirnovak.me\/wp-content\/uploads\/2024\/02\/Snimka-obrazovky-2024-02-11-o-18.57.58-211x300.png 211w, https:\/\/vladimirnovak.me\/wp-content\/uploads\/2024\/02\/Snimka-obrazovky-2024-02-11-o-18.57.58-768x1090.png 768w, https:\/\/vladimirnovak.me\/wp-content\/uploads\/2024\/02\/Snimka-obrazovky-2024-02-11-o-18.57.58-1082x1536.png 1082w, https:\/\/vladimirnovak.me\/wp-content\/uploads\/2024\/02\/Snimka-obrazovky-2024-02-11-o-18.57.58-42x60.png 42w, https:\/\/vladimirnovak.me\/wp-content\/uploads\/2024\/02\/Snimka-obrazovky-2024-02-11-o-18.57.58.png 1085w\" sizes=\"auto, (max-width: 721px) 100vw, 721px\" \/><\/a><\/figure><div class=\"wp-block-media-text__content\">\n<p>Structural Challenges 2023 (August 2023, English and Slovak versions)<\/p>\n\n\n\n<p>Main authors: Vladim\u00edr Nov\u00e1k, Vratislav Pisca, Milan Va\u0148ko<\/p>\n<\/div><\/div>\n\n\n\n<div class=\"wp-block-media-text alignwide is-stacked-on-mobile\"><figure class=\"wp-block-media-text__media\"><a href=\"https:\/\/nbs.sk\/slovensko-pred-30-rokmi-a-dnes\/\"><img loading=\"lazy\" decoding=\"async\" width=\"726\" height=\"1024\" src=\"http:\/\/vladimirnovak.me\/wp-content\/uploads\/2024\/02\/Snimka-obrazovky-2024-02-11-o-18.53.38-726x1024.png\" alt=\"\" class=\"wp-image-740 size-full\" srcset=\"https:\/\/vladimirnovak.me\/wp-content\/uploads\/2024\/02\/Snimka-obrazovky-2024-02-11-o-18.53.38-726x1024.png 726w, https:\/\/vladimirnovak.me\/wp-content\/uploads\/2024\/02\/Snimka-obrazovky-2024-02-11-o-18.53.38-213x300.png 213w, https:\/\/vladimirnovak.me\/wp-content\/uploads\/2024\/02\/Snimka-obrazovky-2024-02-11-o-18.53.38-768x1084.png 768w, https:\/\/vladimirnovak.me\/wp-content\/uploads\/2024\/02\/Snimka-obrazovky-2024-02-11-o-18.53.38-1089x1536.png 1089w, https:\/\/vladimirnovak.me\/wp-content\/uploads\/2024\/02\/Snimka-obrazovky-2024-02-11-o-18.53.38-43x60.png 43w, https:\/\/vladimirnovak.me\/wp-content\/uploads\/2024\/02\/Snimka-obrazovky-2024-02-11-o-18.53.38.png 1090w\" sizes=\"auto, (max-width: 726px) 100vw, 726px\" \/><\/a><\/figure><div class=\"wp-block-media-text__content\">\n<p>Slovakia 30 years ago and now. (Analytical commentary, December 2022)<\/p>\n\n\n\n<p>Vladim\u00edr Nov\u00e1k, Branislav Re\u013eovsk\u00fd, Eva \u0160tulrajterov\u00e1, Milan Va\u0148ko<\/p>\n<\/div><\/div>\n\n\n\n<div class=\"wp-block-group\"><div class=\"wp-block-group__inner-container is-layout-flow wp-block-group-is-layout-flow\">\n<div class=\"wp-block-media-text alignwide is-stacked-on-mobile\"><figure class=\"wp-block-media-text__media\"><a href=\"https:\/\/idea.cerge-ei.cz\/files\/IDEA_Efektivni_zpusob_komunikace_vladnich_pokynu_COVID19_duben2020_10\/IDEA_Efektivni_zpusob_komunikace_vladnich_pokynu_COVID19_duben2020_10.html\"><img loading=\"lazy\" decoding=\"async\" width=\"722\" height=\"1024\" src=\"http:\/\/vladimirnovak.me\/wp-content\/uploads\/2020\/11\/Pic1-722x1024.png\" alt=\"\" class=\"wp-image-628 size-full\" srcset=\"https:\/\/vladimirnovak.me\/wp-content\/uploads\/2020\/11\/Pic1-722x1024.png 722w, https:\/\/vladimirnovak.me\/wp-content\/uploads\/2020\/11\/Pic1-211x300.png 211w, https:\/\/vladimirnovak.me\/wp-content\/uploads\/2020\/11\/Pic1-768x1090.png 768w, https:\/\/vladimirnovak.me\/wp-content\/uploads\/2020\/11\/Pic1-1083x1536.png 1083w, https:\/\/vladimirnovak.me\/wp-content\/uploads\/2020\/11\/Pic1-42x60.png 42w, https:\/\/vladimirnovak.me\/wp-content\/uploads\/2020\/11\/Pic1.png 1094w\" sizes=\"auto, (max-width: 722px) 100vw, 722px\" \/><\/a><\/figure><div class=\"wp-block-media-text__content\">\n<p>How should the government\u2019s crisis measures be communicated? Through frequent repetition. (April 2020)<\/p>\n\n\n\n<p>V\u00e1clav Korbel, Vladim\u00edr Nov\u00e1k, Michal \u0160olt\u00e9s, Luk\u00e1\u0161 T\u00f3th<\/p>\n<\/div><\/div>\n<\/div><\/div>\n\n\n\n<div class=\"wp-block-media-text alignwide is-stacked-on-mobile\"><figure class=\"wp-block-media-text__media\"><a href=\"https:\/\/idea.cerge-ei.cz\/files\/IDEA_Prehled_zahranicni_testovaci_praxe_Covid19_brezen2020_8\/IDEA_Prehled_zahranicni_testovaci_praxe_Covid19_brezen2020_8.html#p=1\"><img loading=\"lazy\" decoding=\"async\" width=\"719\" height=\"1024\" src=\"http:\/\/vladimirnovak.me\/wp-content\/uploads\/2020\/11\/Pic3-719x1024.png\" alt=\"\" class=\"wp-image-632 size-full\" srcset=\"https:\/\/vladimirnovak.me\/wp-content\/uploads\/2020\/11\/Pic3-719x1024.png 719w, https:\/\/vladimirnovak.me\/wp-content\/uploads\/2020\/11\/Pic3-211x300.png 211w, https:\/\/vladimirnovak.me\/wp-content\/uploads\/2020\/11\/Pic3-768x1094.png 768w, https:\/\/vladimirnovak.me\/wp-content\/uploads\/2020\/11\/Pic3-1079x1536.png 1079w, https:\/\/vladimirnovak.me\/wp-content\/uploads\/2020\/11\/Pic3-42x60.png 42w, https:\/\/vladimirnovak.me\/wp-content\/uploads\/2020\/11\/Pic3.png 1090w\" sizes=\"auto, (max-width: 719px) 100vw, 719px\" \/><\/a><\/figure><div class=\"wp-block-media-text__content\">\n<p>Overview of foreign testing practices: economic-statistical perspective (March 2020)<\/p>\n\n\n\n<p>Jakub Steiner, Jan Kulveit, Ludmila Matyskov\u00e1, Ole Jann, Pavel Kocourek a Vladim\u00edr Nov\u00e1k<\/p>\n<\/div><\/div>\n\n\n\n<div class=\"wp-block-media-text alignwide is-stacked-on-mobile\"><figure class=\"wp-block-media-text__media\"><a href=\"https:\/\/idea.cerge-ei.cz\/files\/IDEA_Pristup_domacnosti_k_nakaze_a_vladnim_opatrenim_Covid19_brezen2020_7\/IDEA_Pristup_domacnosti_k_nakaze_a_vladnim_opatrenim_Covid19_brezen2020_7.html#p=1\"><img loading=\"lazy\" decoding=\"async\" width=\"723\" height=\"1024\" src=\"http:\/\/vladimirnovak.me\/wp-content\/uploads\/2020\/11\/Pic4-723x1024.png\" alt=\"\" class=\"wp-image-635 size-full\" srcset=\"https:\/\/vladimirnovak.me\/wp-content\/uploads\/2020\/11\/Pic4-723x1024.png 723w, https:\/\/vladimirnovak.me\/wp-content\/uploads\/2020\/11\/Pic4-212x300.png 212w, https:\/\/vladimirnovak.me\/wp-content\/uploads\/2020\/11\/Pic4-768x1087.png 768w, https:\/\/vladimirnovak.me\/wp-content\/uploads\/2020\/11\/Pic4-1085x1536.png 1085w, https:\/\/vladimirnovak.me\/wp-content\/uploads\/2020\/11\/Pic4-42x60.png 42w, https:\/\/vladimirnovak.me\/wp-content\/uploads\/2020\/11\/Pic4.png 1090w\" sizes=\"auto, (max-width: 723px) 100vw, 723px\" \/><\/a><\/figure><div class=\"wp-block-media-text__content\">\n<p>Households\u2019 attitudes to infection and to the government measures: The latest survey data (March 2020)<\/p>\n\n\n\n<p>V\u00e1clav Korbel, Vladim\u00edr Nov\u00e1k, Michal \u0160olt\u00e9s, Luk\u00e1\u0161 T\u00f3th<\/p>\n<\/div><\/div>\n\n\n\n<div class=\"wp-block-media-text alignwide is-stacked-on-mobile\"><figure class=\"wp-block-media-text__media\"><a href=\"https:\/\/idea.cerge-ei.cz\/files\/IDEA_Studie_13_2019_Dichotomie_dani\/IDEA_Studie_13_2019_Dichotomie_dani.html\"><img loading=\"lazy\" decoding=\"async\" width=\"727\" height=\"1024\" src=\"http:\/\/vladimirnovak.me\/wp-content\/uploads\/2020\/11\/Pic5-727x1024.png\" alt=\"\" class=\"wp-image-636 size-full\" srcset=\"https:\/\/vladimirnovak.me\/wp-content\/uploads\/2020\/11\/Pic5-727x1024.png 727w, https:\/\/vladimirnovak.me\/wp-content\/uploads\/2020\/11\/Pic5-213x300.png 213w, https:\/\/vladimirnovak.me\/wp-content\/uploads\/2020\/11\/Pic5-768x1081.png 768w, https:\/\/vladimirnovak.me\/wp-content\/uploads\/2020\/11\/Pic5-1091x1536.png 1091w, https:\/\/vladimirnovak.me\/wp-content\/uploads\/2020\/11\/Pic5-43x60.png 43w, https:\/\/vladimirnovak.me\/wp-content\/uploads\/2020\/11\/Pic5.png 1098w\" sizes=\"auto, (max-width: 727px) 100vw, 727px\" \/><\/a><\/figure><div class=\"wp-block-media-text__content\">\n<p>The consumption tax as a dichotomy: Source of public budgets and instrument of harm reduction (discussion paper, December 2019)<\/p>\n\n\n\n<p>Vladim\u00edr&nbsp;Nov\u00e1k, Michal&nbsp;\u0160olt\u00e9s<\/p>\n<\/div><\/div>\n\n\n\n<p><\/p>\n","protected":false},"excerpt":{"rendered":"<p>MEDIA APPEARANCES POLICY STUDIES Structural Challenges 2024 (August 2024, English and Slovak versions) Main authors: Vladim\u00edr Nov\u00e1k, Vratislav Pisca, Milan Va\u0148ko Structural Challenges 2023 (August 2023, English and Slovak versions) Main authors: Vladim\u00edr Nov\u00e1k, Vratislav Pisca, Milan Va\u0148ko Slovakia 30 years ago and now. (Analytical commentary, December 2022) Vladim\u00edr Nov\u00e1k, Branislav Re\u013eovsk\u00fd, Eva \u0160tulrajterov\u00e1, Milan &hellip; <\/p>\n","protected":false},"author":1,"featured_media":0,"parent":0,"menu_order":0,"comment_status":"closed","ping_status":"closed","template":"","meta":{"_monsterinsights_skip_tracking":false,"_monsterinsights_sitenote_active":false,"_monsterinsights_sitenote_note":"","_monsterinsights_sitenote_category":0,"footnotes":""},"class_list":["post-619","page","type-page","status-publish","hentry"],"yoast_head":"<!-- This site is optimized with the Yoast SEO plugin v15.2.1 - https:\/\/yoast.com\/wordpress\/plugins\/seo\/ -->\n<title>MEDIA APPEARANCES &amp; POLICY STUDIES - Vladim\u00edr Nov\u00e1k - Economist<\/title>\n<meta name=\"robots\" content=\"index, follow, max-snippet:-1, max-image-preview:large, max-video-preview:-1\" \/>\n<link rel=\"canonical\" href=\"https:\/\/vladimirnovak.me\/?page_id=619\" \/>\n<meta property=\"og:locale\" content=\"sk_SK\" \/>\n<meta property=\"og:type\" content=\"article\" \/>\n<meta property=\"og:title\" content=\"MEDIA APPEARANCES &amp; POLICY STUDIES - Vladim\u00edr Nov\u00e1k - Economist\" \/>\n<meta property=\"og:description\" content=\"MEDIA APPEARANCES POLICY STUDIES Structural Challenges 2024 (August 2024, English and Slovak versions) Main authors: Vladim\u00edr Nov\u00e1k, Vratislav Pisca, Milan Va\u0148ko Structural Challenges 2023 (August 2023, English and Slovak versions) Main authors: Vladim\u00edr Nov\u00e1k, Vratislav Pisca, Milan Va\u0148ko Slovakia 30 years ago and now. (Analytical commentary, December 2022) Vladim\u00edr Nov\u00e1k, Branislav Re\u013eovsk\u00fd, Eva \u0160tulrajterov\u00e1, Milan &hellip;\" \/>\n<meta property=\"og:url\" content=\"https:\/\/vladimirnovak.me\/?page_id=619\" \/>\n<meta property=\"og:site_name\" content=\"Vladim\u00edr Nov\u00e1k - Economist\" \/>\n<meta property=\"article:modified_time\" content=\"2024-11-05T10:49:15+00:00\" \/>\n<meta property=\"og:image\" content=\"http:\/\/vladimirnovak.me\/wp-content\/uploads\/2024\/02\/Snimka-obrazovky-2024-02-11-o-18.57.58-721x1024.png\" \/>\n<meta name=\"twitter:card\" content=\"summary_large_image\" \/>\n<meta name=\"twitter:label1\" content=\"Autor:\">\n\t<meta name=\"twitter:data1\" content=\"vladimirnovak\">\n\t<meta name=\"twitter:label2\" content=\"Est. reading time\">\n\t<meta name=\"twitter:data2\" content=\"1 min\u00fata\">\n<script type=\"application\/ld+json\" class=\"yoast-schema-graph\">{\"@context\":\"https:\/\/schema.org\",\"@graph\":[{\"@type\":\"WebSite\",\"@id\":\"http:\/\/vladimirnovak.me\/#website\",\"url\":\"http:\/\/vladimirnovak.me\/\",\"name\":\"Vladim\\u00edr Nov\\u00e1k - Economist\",\"description\":\"\",\"potentialAction\":[{\"@type\":\"SearchAction\",\"target\":\"http:\/\/vladimirnovak.me\/?s={search_term_string}\",\"query-input\":\"required name=search_term_string\"}],\"inLanguage\":\"sk-SK\"},{\"@type\":\"ImageObject\",\"@id\":\"https:\/\/vladimirnovak.me\/?page_id=619#primaryimage\",\"inLanguage\":\"sk-SK\",\"url\":\"http:\/\/vladimirnovak.me\/wp-content\/uploads\/2024\/02\/Snimka-obrazovky-2024-02-11-o-18.57.58-721x1024.png\"},{\"@type\":\"WebPage\",\"@id\":\"https:\/\/vladimirnovak.me\/?page_id=619#webpage\",\"url\":\"https:\/\/vladimirnovak.me\/?page_id=619\",\"name\":\"MEDIA APPEARANCES & POLICY STUDIES - Vladim\\u00edr Nov\\u00e1k - Economist\",\"isPartOf\":{\"@id\":\"http:\/\/vladimirnovak.me\/#website\"},\"primaryImageOfPage\":{\"@id\":\"https:\/\/vladimirnovak.me\/?page_id=619#primaryimage\"},\"datePublished\":\"2020-11-11T16:21:20+00:00\",\"dateModified\":\"2024-11-05T10:49:15+00:00\",\"inLanguage\":\"sk-SK\",\"potentialAction\":[{\"@type\":\"ReadAction\",\"target\":[\"https:\/\/vladimirnovak.me\/?page_id=619\"]}]}]}<\/script>\n<!-- \/ Yoast SEO plugin. -->","_links":{"self":[{"href":"https:\/\/vladimirnovak.me\/index.php?rest_route=\/wp\/v2\/pages\/619","targetHints":{"allow":["GET"]}}],"collection":[{"href":"https:\/\/vladimirnovak.me\/index.php?rest_route=\/wp\/v2\/pages"}],"about":[{"href":"https:\/\/vladimirnovak.me\/index.php?rest_route=\/wp\/v2\/types\/page"}],"author":[{"embeddable":true,"href":"https:\/\/vladimirnovak.me\/index.php?rest_route=\/wp\/v2\/users\/1"}],"replies":[{"embeddable":true,"href":"https:\/\/vladimirnovak.me\/index.php?rest_route=%2Fwp%2Fv2%2Fcomments&post=619"}],"version-history":[{"count":5,"href":"https:\/\/vladimirnovak.me\/index.php?rest_route=\/wp\/v2\/pages\/619\/revisions"}],"predecessor-version":[{"id":757,"href":"https:\/\/vladimirnovak.me\/index.php?rest_route=\/wp\/v2\/pages\/619\/revisions\/757"}],"wp:attachment":[{"href":"https:\/\/vladimirnovak.me\/index.php?rest_route=%2Fwp%2Fv2%2Fmedia&parent=619"}],"curies":[{"name":"wp","href":"https:\/\/api.w.org\/{rel}","templated":true}]}}